{"id":108,"date":"2025-08-17T21:19:51","date_gmt":"2025-08-17T21:19:51","guid":{"rendered":"https:\/\/sieseguros.pt\/?page_id=108"},"modified":"2025-08-19T23:22:19","modified_gmt":"2025-08-19T23:22:19","slug":"particulares","status":"publish","type":"page","link":"https:\/\/sieseguros.pt\/index.php\/particulares\/","title":{"rendered":"Particulares"},"content":{"rendered":"\n\n\n<figure class=\"wp-block-table\"><table class=\"has-fixed-layout\"><thead><tr><th>Tipo de Seguro<\/th><th>O que cobre \/ benef\u00edcio principal<\/th><th>Observa\u00e7\u00f5es adicionais<\/th><\/tr><\/thead><tbody><tr><td><strong>Seguro de Vida<\/strong><\/td><td>Pagamento de indeniza\u00e7\u00e3o aos benefici\u00e1rios em caso de falecimento ou invalidez<\/td><td>Pode incluir cobertura por doen\u00e7as graves ou acidentes<\/td><\/tr><tr><td><strong>Seguro Sa\u00fade<\/strong><\/td><td>Despesas m\u00e9dicas, hospitalares e exames<\/td><td>Pode complementar ou substituir o sistema p\u00fablico<\/td><\/tr><tr><td><strong>Seguro Residencial<\/strong><\/td><td>Danos \u00e0 casa ou apartamento por inc\u00eandio, roubo, inunda\u00e7\u00f5es, desastres naturais<\/td><td>Algumas coberturas incluem objetos de valor<\/td><\/tr><tr><td><strong>Seguro Auto<\/strong><\/td><td>Danos ao ve\u00edculo pr\u00f3prio e, dependendo da ap\u00f3lice, danos a terceiros<\/td><td>Cobertura pode incluir colis\u00f5es, roubos e inc\u00eandios<\/td><\/tr><tr><td><strong>Seguro de Responsabilidade Civil<\/strong><\/td><td>Prote\u00e7\u00e3o contra danos que voc\u00ea ou sua fam\u00edlia causarem a terceiros<\/td><td>Importante para acidentes dom\u00e9sticos ou danos pessoais<\/td><\/tr><tr><td><strong>Seguro de Acidentes Pessoais<\/strong><\/td><td>Indeniza\u00e7\u00e3o em caso de acidentes que causem invalidez ou morte<\/td><td>Pode ser contratado isoladamente ou junto ao seguro de vida<\/td><\/tr><tr><td><strong>Seguro Viagem<\/strong><\/td><td>Cobertura de problemas durante viagens, como assist\u00eancia m\u00e9dica, extravio de bagagem<\/td><td>Ideal para viagens internacionais <\/td><\/tr><\/tbody><\/table><\/figure>\n","protected":false},"excerpt":{"rendered":"<p>Tipo de Seguro O que cobre \/ benef\u00edcio principal Observa\u00e7\u00f5es adicionais Seguro de Vida Pagamento de indeniza\u00e7\u00e3o aos benefici\u00e1rios em caso de falecimento ou invalidez Pode incluir cobertura por doen\u00e7as graves ou acidentes Seguro Sa\u00fade Despesas m\u00e9dicas, hospitalares e exames Pode complementar ou substituir o sistema p\u00fablico Seguro Residencial Danos \u00e0 casa ou apartamento por [&hellip;]<\/p>\n","protected":false},"author":1,"featured_media":0,"parent":0,"menu_order":0,"comment_status":"closed","ping_status":"closed","template":"","meta":{"saved_in_kubio":true,"footnotes":""},"class_list":["post-108","page","type-page","status-publish","hentry"],"kubio_ai_page_context":{"short_desc":"","purpose":"general"},"_links":{"self":[{"href":"https:\/\/sieseguros.pt\/index.php\/wp-json\/wp\/v2\/pages\/108","targetHints":{"allow":["GET"]}}],"collection":[{"href":"https:\/\/sieseguros.pt\/index.php\/wp-json\/wp\/v2\/pages"}],"about":[{"href":"https:\/\/sieseguros.pt\/index.php\/wp-json\/wp\/v2\/types\/page"}],"author":[{"embeddable":true,"href":"https:\/\/sieseguros.pt\/index.php\/wp-json\/wp\/v2\/users\/1"}],"replies":[{"embeddable":true,"href":"https:\/\/sieseguros.pt\/index.php\/wp-json\/wp\/v2\/comments?post=108"}],"version-history":[{"count":12,"href":"https:\/\/sieseguros.pt\/index.php\/wp-json\/wp\/v2\/pages\/108\/revisions"}],"predecessor-version":[{"id":255,"href":"https:\/\/sieseguros.pt\/index.php\/wp-json\/wp\/v2\/pages\/108\/revisions\/255"}],"wp:attachment":[{"href":"https:\/\/sieseguros.pt\/index.php\/wp-json\/wp\/v2\/media?parent=108"}],"curies":[{"name":"wp","href":"https:\/\/api.w.org\/{rel}","templated":true}]}}