{"id":110,"date":"2025-08-17T21:20:16","date_gmt":"2025-08-17T21:20:16","guid":{"rendered":"https:\/\/sieseguros.pt\/?page_id=110"},"modified":"2025-09-04T14:45:07","modified_gmt":"2025-09-04T14:45:07","slug":"empresas","status":"publish","type":"page","link":"https:\/\/sieseguros.pt\/index.php\/empresas\/","title":{"rendered":"Empresas"},"content":{"rendered":"\n\n\n<figure class=\"wp-block-table\"><table class=\"has-fixed-layout\"><thead><tr><th>Tipo de Seguro<\/th><th>O que Cobre<\/th><th>Ideal para<\/th><\/tr><\/thead><tbody><tr><td><strong>Responsabilidade Civil Empresarial<\/strong><\/td><td>Danos materiais, corporais ou patrimoniais causados a terceiros.<\/td><td>Todas as empresas que prestam servi\u00e7os ou recebem clientes.<\/td><\/tr><tr><td><strong>Acidentes de Trabalho<\/strong><\/td><td>Despesas m\u00e9dicas, indemniza\u00e7\u00f5es e pens\u00f5es por acidentes ou doen\u00e7as profissionais dos colaboradores.<\/td><td>Empresas com trabalhadores contratados.<\/td><\/tr><tr><td><strong>Multirriscos Empresarial<\/strong><\/td><td>Edif\u00edcio, equipamentos, mercadorias e recheio contra inc\u00eandio, inunda\u00e7\u00e3o, roubo, fen\u00f3menos naturais.<\/td><td>Escrit\u00f3rios, armaz\u00e9ns, lojas, f\u00e1bricas.<\/td><\/tr><tr><td><strong>Sa\u00fade Grupo<\/strong><\/td><td>Consultas, exames, internamentos e cuidados de sa\u00fade para colaboradores.<\/td><td>Empresas que oferecem benef\u00edcios sociais.<\/td><\/tr><tr><td><strong>Vida Grupo<\/strong><\/td><td>Cobertura em caso de morte ou invalidez dos colaboradores.<\/td><td>Empresas que querem proteger as fam\u00edlias dos trabalhadores.<\/td><\/tr><tr><td><strong>Frota Autom\u00f3vel<\/strong><\/td><td>Ve\u00edculos da empresa contra acidentes, roubo e danos pr\u00f3prios.<\/td><td>Empresas com viaturas comerciais ou de servi\u00e7o.<\/td><\/tr><tr><td><strong>Riscos Cibern\u00e9ticos<\/strong><\/td><td>Perdas financeiras e responsabilidade por viola\u00e7\u00f5es de dados, ataques ou extors\u00e3o digital.<\/td><td>Empresas com opera\u00e7\u00f5es digitais e dados sens\u00edveis.<\/td><\/tr><tr><td><strong>Lucros Cessantes<\/strong><\/td><td>Compensa\u00e7\u00e3o pela quebra de fatura\u00e7\u00e3o ap\u00f3s um sinistro.<\/td><td>Neg\u00f3cios dependentes de atividade cont\u00ednua.<\/td><\/tr><tr><td><strong>Seguro de Cr\u00e9dito<\/strong><\/td><td>Protege contra falta de pagamento de clientes (incumprimento).<\/td><td>Empresas B2B com vendas a cr\u00e9dito.<\/td><\/tr><tr><td><strong>Profissionais (RCP)<\/strong><\/td><td>Erros ou omiss\u00f5es no exerc\u00edcio profissional que causem preju\u00edzos a clientes.<\/td><td>Advogados, consultores, arquitetos, engenheiros, etc.<\/td><\/tr><\/tbody><\/table><\/figure>\n","protected":false},"excerpt":{"rendered":"<p>Tipo de Seguro O que Cobre Ideal para Responsabilidade Civil Empresarial Danos materiais, corporais ou patrimoniais causados a terceiros. Todas as empresas que prestam servi\u00e7os ou recebem clientes. Acidentes de Trabalho Despesas m\u00e9dicas, indemniza\u00e7\u00f5es e pens\u00f5es por acidentes ou doen\u00e7as profissionais dos colaboradores. Empresas com trabalhadores contratados. Multirriscos Empresarial Edif\u00edcio, equipamentos, mercadorias e recheio contra [&hellip;]<\/p>\n","protected":false},"author":1,"featured_media":0,"parent":0,"menu_order":0,"comment_status":"closed","ping_status":"closed","template":"","meta":{"saved_in_kubio":true,"footnotes":""},"class_list":["post-110","page","type-page","status-publish","hentry"],"kubio_ai_page_context":{"short_desc":"","purpose":"general"},"_links":{"self":[{"href":"https:\/\/sieseguros.pt\/index.php\/wp-json\/wp\/v2\/pages\/110","targetHints":{"allow":["GET"]}}],"collection":[{"href":"https:\/\/sieseguros.pt\/index.php\/wp-json\/wp\/v2\/pages"}],"about":[{"href":"https:\/\/sieseguros.pt\/index.php\/wp-json\/wp\/v2\/types\/page"}],"author":[{"embeddable":true,"href":"https:\/\/sieseguros.pt\/index.php\/wp-json\/wp\/v2\/users\/1"}],"replies":[{"embeddable":true,"href":"https:\/\/sieseguros.pt\/index.php\/wp-json\/wp\/v2\/comments?post=110"}],"version-history":[{"count":8,"href":"https:\/\/sieseguros.pt\/index.php\/wp-json\/wp\/v2\/pages\/110\/revisions"}],"predecessor-version":[{"id":345,"href":"https:\/\/sieseguros.pt\/index.php\/wp-json\/wp\/v2\/pages\/110\/revisions\/345"}],"wp:attachment":[{"href":"https:\/\/sieseguros.pt\/index.php\/wp-json\/wp\/v2\/media?parent=110"}],"curies":[{"name":"wp","href":"https:\/\/api.w.org\/{rel}","templated":true}]}}