{"id":267,"date":"2025-08-20T11:11:39","date_gmt":"2025-08-20T11:11:39","guid":{"rendered":"https:\/\/sieseguros.pt\/?page_id=267"},"modified":"2025-08-20T11:15:16","modified_gmt":"2025-08-20T11:15:16","slug":"acidentes-pessoais-2","status":"publish","type":"page","link":"https:\/\/sieseguros.pt\/index.php\/acidentes-pessoais-2\/","title":{"rendered":"Acidentes Pessoais"},"content":{"rendered":"\n<p style=\"font-size:14px\">Outro aspecto fundamental \u00e9 a prote\u00e7\u00e3o oferecida aos benefici\u00e1rios designados em caso de morte acidental. O seguro pode garantir que seus entes queridos recebam apoio financeiro em momentos dif\u00edceis, ajudando a cobrir despesas como funeral, custos de vida e outras necessidades.<\/p>\n\n\n\n<p style=\"font-size:14px\">Al\u00e9m disso, o seguro de acidentes pessoais proporciona tranquilidade e paz de esp\u00edrito, tanto para o segurado quanto para seus familiares. Saber que est\u00e1 protegido em situa\u00e7\u00f5es de risco e que h\u00e1 um suporte financeiro dispon\u00edvel em caso de necessidade pode trazer uma sensa\u00e7\u00e3o de seguran\u00e7a e bem-estar.<\/p>\n\n\n\n<p style=\"font-size:14px\">Estamos aqui para proteg\u00ea-lo, aconte\u00e7a o que acontecer, e ajud\u00e1-lo a melhorar sua qualidade de vida em situa\u00e7\u00f5es como hospitaliza\u00e7\u00e3o por acidente, incapacidade por acidente, hospitaliza\u00e7\u00e3o por doen\u00e7a, incapacidade por doen\u00e7a, cuidados paliativos e doen\u00e7as graves.<\/p>\n\n\n\n<div style=\"height:20px\" aria-hidden=\"true\" class=\"wp-block-spacer\"><\/div>\n\n\n\n<p class=\"has-text-align-left has-vivid-cyan-blue-color has-text-color has-link-color has-medium-font-size wp-elements-1630178aa8bff4ddb0e2a4098e5269aa\"><strong>Quais s\u00e3o as vantagens deste seguro?<\/strong><\/p>\n\n\n\n<ul class=\"wp-block-list\">\n<li style=\"font-size:14px\"><strong>Maior prote\u00e7\u00e3o com capitais elevados para enfrentar doen\u00e7as incapacitantes.<\/strong><\/li>\n\n\n\n<li style=\"font-size:14px\"><strong>Abrangente, com cobertura 24 horas por dia, 365 dias por ano, em qualquer parte do mundo.<\/strong><\/li>\n\n\n\n<li style=\"font-size:14px\"><strong>Acess\u00edvel, oferecendo uma excelente rela\u00e7\u00e3o qualidade\/pre\u00e7o.<\/strong><\/li>\n<\/ul>\n\n\n\n<p style=\"font-size:14px\">Estamos aqui para cuidar de voc\u00ea em todas as circunst\u00e2ncias.<\/p>\n","protected":false},"excerpt":{"rendered":"<p>Outro aspecto fundamental \u00e9 a prote\u00e7\u00e3o oferecida aos benefici\u00e1rios designados em caso de morte acidental. O seguro pode garantir que seus entes queridos recebam apoio financeiro em momentos dif\u00edceis, ajudando a cobrir despesas como funeral, custos de vida e outras necessidades. Al\u00e9m disso, o seguro de acidentes pessoais proporciona tranquilidade e paz de esp\u00edrito, tanto [&hellip;]<\/p>\n","protected":false},"author":1,"featured_media":0,"parent":0,"menu_order":0,"comment_status":"closed","ping_status":"closed","template":"","meta":{"saved_in_kubio":false,"footnotes":""},"class_list":["post-267","page","type-page","status-publish","hentry"],"kubio_ai_page_context":{"short_desc":"","purpose":"general"},"_links":{"self":[{"href":"https:\/\/sieseguros.pt\/index.php\/wp-json\/wp\/v2\/pages\/267","targetHints":{"allow":["GET"]}}],"collection":[{"href":"https:\/\/sieseguros.pt\/index.php\/wp-json\/wp\/v2\/pages"}],"about":[{"href":"https:\/\/sieseguros.pt\/index.php\/wp-json\/wp\/v2\/types\/page"}],"author":[{"embeddable":true,"href":"https:\/\/sieseguros.pt\/index.php\/wp-json\/wp\/v2\/users\/1"}],"replies":[{"embeddable":true,"href":"https:\/\/sieseguros.pt\/index.php\/wp-json\/wp\/v2\/comments?post=267"}],"version-history":[{"count":2,"href":"https:\/\/sieseguros.pt\/index.php\/wp-json\/wp\/v2\/pages\/267\/revisions"}],"predecessor-version":[{"id":422,"href":"https:\/\/sieseguros.pt\/index.php\/wp-json\/wp\/v2\/pages\/267\/revisions\/422"}],"wp:attachment":[{"href":"https:\/\/sieseguros.pt\/index.php\/wp-json\/wp\/v2\/media?parent=267"}],"curies":[{"name":"wp","href":"https:\/\/api.w.org\/{rel}","templated":true}]}}