{"id":305,"date":"2025-08-28T16:54:53","date_gmt":"2025-08-28T16:54:53","guid":{"rendered":"https:\/\/sieseguros.pt\/?page_id=305"},"modified":"2025-10-15T08:44:09","modified_gmt":"2025-10-15T08:44:09","slug":"pessoas","status":"publish","type":"page","link":"https:\/\/sieseguros.pt\/index.php\/pessoas\/","title":{"rendered":"Pessoas"},"content":{"rendered":"\n<p><strong>Imprevistos podem acontecer a qualquer momento \u2014 no dia a dia, em casa, no trabalho ou durante a pr\u00e1tica de uma atividade profissional.<\/strong> Com os <strong>Seguros de Acidentes<\/strong>, garante a sua tranquilidade e a da sua fam\u00edlia perante situa\u00e7\u00f5es inesperadas. Este tipo de seguro assegura <strong>prote\u00e7\u00e3o financeira, assist\u00eancia imediata e apoio especializado<\/strong> em caso de acidente, permitindo-lhe concentrar-se na recupera\u00e7\u00e3o sem preocupa\u00e7\u00f5es adicionais.<\/p>\n\n\n\n<p>Na <strong>SIESeguros<\/strong>, oferecemos solu\u00e7\u00f5es flex\u00edveis e adaptadas ao seu perfil, para que esteja sempre protegido quando mais precisa. Porque cuidar de si \u00e9 o primeiro passo para viver com confian\u00e7a e seguran\u00e7a.<\/p>\n\n\n\n<p>\ud83d\udc49<strong><a href=\"https:\/\/sieseguros.pt\/index.php\/contactos\/\" data-type=\"page\" data-id=\"97\">Pe\u00e7a j\u00e1 a sua proposta e garanta a prote\u00e7\u00e3o que faz a diferen\u00e7a<\/a><\/strong><\/p>\n\n\n\n\n\n<p><\/p>\n","protected":false},"excerpt":{"rendered":"<p>Imprevistos podem acontecer a qualquer momento \u2014 no dia a dia, em casa, no trabalho ou durante a pr\u00e1tica de uma atividade profissional. Com os Seguros de Acidentes, garante a sua tranquilidade e a da sua fam\u00edlia perante situa\u00e7\u00f5es inesperadas. Este tipo de seguro assegura prote\u00e7\u00e3o financeira, assist\u00eancia imediata e apoio especializado em caso de [&hellip;]<\/p>\n","protected":false},"author":1,"featured_media":0,"parent":0,"menu_order":0,"comment_status":"closed","ping_status":"closed","template":"","meta":{"saved_in_kubio":true,"footnotes":""},"class_list":["post-305","page","type-page","status-publish","hentry"],"kubio_ai_page_context":{"short_desc":"","purpose":"general"},"_links":{"self":[{"href":"https:\/\/sieseguros.pt\/index.php\/wp-json\/wp\/v2\/pages\/305","targetHints":{"allow":["GET"]}}],"collection":[{"href":"https:\/\/sieseguros.pt\/index.php\/wp-json\/wp\/v2\/pages"}],"about":[{"href":"https:\/\/sieseguros.pt\/index.php\/wp-json\/wp\/v2\/types\/page"}],"author":[{"embeddable":true,"href":"https:\/\/sieseguros.pt\/index.php\/wp-json\/wp\/v2\/users\/1"}],"replies":[{"embeddable":true,"href":"https:\/\/sieseguros.pt\/index.php\/wp-json\/wp\/v2\/comments?post=305"}],"version-history":[{"count":8,"href":"https:\/\/sieseguros.pt\/index.php\/wp-json\/wp\/v2\/pages\/305\/revisions"}],"predecessor-version":[{"id":428,"href":"https:\/\/sieseguros.pt\/index.php\/wp-json\/wp\/v2\/pages\/305\/revisions\/428"}],"wp:attachment":[{"href":"https:\/\/sieseguros.pt\/index.php\/wp-json\/wp\/v2\/media?parent=305"}],"curies":[{"name":"wp","href":"https:\/\/api.w.org\/{rel}","templated":true}]}}