{"id":310,"date":"2025-08-28T16:58:30","date_gmt":"2025-08-28T16:58:30","guid":{"rendered":"https:\/\/sieseguros.pt\/?page_id=310"},"modified":"2025-10-08T10:27:13","modified_gmt":"2025-10-08T10:27:13","slug":"responsabilidade","status":"publish","type":"page","link":"https:\/\/sieseguros.pt\/index.php\/responsabilidade\/","title":{"rendered":"Responsabilidade"},"content":{"rendered":"\n<h3 class=\"wp-block-heading\">Responsabilidade Civil Profissional<\/h3>\n\n\n\n<p>O seguro de responsabilidade civil profissional protege o seu neg\u00f3cio de eventuais indemniza\u00e7\u00f5es por danos causados a terceiros, decorrentes de atos negligentes, erros ou omiss\u00f5es, no exerc\u00edcio da sua atividade profissional.<\/p>\n\n\n\n<p>Este seguro cobre situa\u00e7\u00f5es como erros de c\u00e1lculo em projetos, falhas na presta\u00e7\u00e3o de servi\u00e7os, omiss\u00f5es que causem preju\u00edzo a clientes, danos causados por aconselhamento incorreto e outras situa\u00e7\u00f5es resultantes de neglig\u00eancia profissional.<\/p>\n\n\n\n\n\n<p><\/p>\n","protected":false},"excerpt":{"rendered":"<p>Responsabilidade Civil Profissional O seguro de responsabilidade civil profissional protege o seu neg\u00f3cio de eventuais indemniza\u00e7\u00f5es por danos causados a terceiros, decorrentes de atos negligentes, erros ou omiss\u00f5es, no exerc\u00edcio da sua atividade profissional. Este seguro cobre situa\u00e7\u00f5es como erros de c\u00e1lculo em projetos, falhas na presta\u00e7\u00e3o de servi\u00e7os, omiss\u00f5es que causem preju\u00edzo a clientes, [&hellip;]<\/p>\n","protected":false},"author":1,"featured_media":0,"parent":0,"menu_order":0,"comment_status":"closed","ping_status":"closed","template":"","meta":{"saved_in_kubio":false,"footnotes":""},"class_list":["post-310","page","type-page","status-publish","hentry"],"kubio_ai_page_context":{"short_desc":"","purpose":"general"},"_links":{"self":[{"href":"https:\/\/sieseguros.pt\/index.php\/wp-json\/wp\/v2\/pages\/310","targetHints":{"allow":["GET"]}}],"collection":[{"href":"https:\/\/sieseguros.pt\/index.php\/wp-json\/wp\/v2\/pages"}],"about":[{"href":"https:\/\/sieseguros.pt\/index.php\/wp-json\/wp\/v2\/types\/page"}],"author":[{"embeddable":true,"href":"https:\/\/sieseguros.pt\/index.php\/wp-json\/wp\/v2\/users\/1"}],"replies":[{"embeddable":true,"href":"https:\/\/sieseguros.pt\/index.php\/wp-json\/wp\/v2\/comments?post=310"}],"version-history":[{"count":9,"href":"https:\/\/sieseguros.pt\/index.php\/wp-json\/wp\/v2\/pages\/310\/revisions"}],"predecessor-version":[{"id":405,"href":"https:\/\/sieseguros.pt\/index.php\/wp-json\/wp\/v2\/pages\/310\/revisions\/405"}],"wp:attachment":[{"href":"https:\/\/sieseguros.pt\/index.php\/wp-json\/wp\/v2\/media?parent=310"}],"curies":[{"name":"wp","href":"https:\/\/api.w.org\/{rel}","templated":true}]}}