{"id":312,"date":"2025-08-28T16:58:46","date_gmt":"2025-08-28T16:58:46","guid":{"rendered":"https:\/\/sieseguros.pt\/?page_id=312"},"modified":"2025-09-04T16:19:32","modified_gmt":"2025-09-04T16:19:32","slug":"patrimonio","status":"publish","type":"page","link":"https:\/\/sieseguros.pt\/index.php\/patrimonio\/","title":{"rendered":"Patrim\u00f3nio"},"content":{"rendered":"\n<p>O seguro patrim\u00f3nio empresas protege os bens de uma empresa, como edif\u00edcios, equipamentos e mobili\u00e1rio, contra riscos como inc\u00eandio, roubo, acidentes e fen\u00f3menos da natureza.&nbsp;Trata-se de uma solu\u00e7\u00e3o flex\u00edvel que pode ser adaptada \u00e0s necessidades de cada neg\u00f3cio, oferecendo um amplo leque de coberturas b\u00e1sicas e complementares.&nbsp;O objetivo \u00e9 assegurar a continuidade da atividade empresarial e evitar preju\u00edzos financeiros significativos resultantes de um sinistro.&nbsp;<\/p>\n\n\n\n\n\n<p><\/p>\n","protected":false},"excerpt":{"rendered":"<p>O seguro patrim\u00f3nio empresas protege os bens de uma empresa, como edif\u00edcios, equipamentos e mobili\u00e1rio, contra riscos como inc\u00eandio, roubo, acidentes e fen\u00f3menos da natureza.&nbsp;Trata-se de uma solu\u00e7\u00e3o flex\u00edvel que pode ser adaptada \u00e0s necessidades de cada neg\u00f3cio, oferecendo um amplo leque de coberturas b\u00e1sicas e complementares.&nbsp;O objetivo \u00e9 assegurar a continuidade da atividade empresarial [&hellip;]<\/p>\n","protected":false},"author":1,"featured_media":0,"parent":0,"menu_order":0,"comment_status":"closed","ping_status":"closed","template":"","meta":{"saved_in_kubio":true,"footnotes":""},"class_list":["post-312","page","type-page","status-publish","hentry"],"kubio_ai_page_context":{"short_desc":"","purpose":"general"},"_links":{"self":[{"href":"https:\/\/sieseguros.pt\/index.php\/wp-json\/wp\/v2\/pages\/312","targetHints":{"allow":["GET"]}}],"collection":[{"href":"https:\/\/sieseguros.pt\/index.php\/wp-json\/wp\/v2\/pages"}],"about":[{"href":"https:\/\/sieseguros.pt\/index.php\/wp-json\/wp\/v2\/types\/page"}],"author":[{"embeddable":true,"href":"https:\/\/sieseguros.pt\/index.php\/wp-json\/wp\/v2\/users\/1"}],"replies":[{"embeddable":true,"href":"https:\/\/sieseguros.pt\/index.php\/wp-json\/wp\/v2\/comments?post=312"}],"version-history":[{"count":9,"href":"https:\/\/sieseguros.pt\/index.php\/wp-json\/wp\/v2\/pages\/312\/revisions"}],"predecessor-version":[{"id":376,"href":"https:\/\/sieseguros.pt\/index.php\/wp-json\/wp\/v2\/pages\/312\/revisions\/376"}],"wp:attachment":[{"href":"https:\/\/sieseguros.pt\/index.php\/wp-json\/wp\/v2\/media?parent=312"}],"curies":[{"name":"wp","href":"https:\/\/api.w.org\/{rel}","templated":true}]}}