{"id":351,"date":"2025-09-04T15:03:22","date_gmt":"2025-09-04T15:03:22","guid":{"rendered":"https:\/\/sieseguros.pt\/?page_id=351"},"modified":"2025-09-04T15:11:28","modified_gmt":"2025-09-04T15:11:28","slug":"frota-automovel","status":"publish","type":"page","link":"https:\/\/sieseguros.pt\/index.php\/frota-automovel\/","title":{"rendered":"Frota Automovel"},"content":{"rendered":"\n<p>Um seguro frota \u00e9 um seguro de autom\u00f3vel que cobre um conjunto de ve\u00edculos de uma empresa ou organiza\u00e7\u00e3o sob um \u00fanico contrato e ap\u00f3lice, em vez de ap\u00f3lices individuais para cada ve\u00edculo.&nbsp;Este tipo de seguro \u00e9 vantajoso para empresas que possuem mais de dois ve\u00edculos, como carros de servi\u00e7o ou cami\u00f5es, pois simplifica a gest\u00e3o, reduz custos administrativos e pode oferecer condi\u00e7\u00f5es mais competitivas.&nbsp;As coberturas podem incluir desde a responsabilidade civil obrigat\u00f3ria at\u00e9 prote\u00e7\u00f5es adicionais contra roubo, danos pr\u00f3prios e assist\u00eancia em viagem, adaptadas \u00e0s necessidades espec\u00edficas do neg\u00f3cio.&nbsp;<\/p>\n\n\n\n\n\n\n\n<p><\/p>\n","protected":false},"excerpt":{"rendered":"<p>Um seguro frota \u00e9 um seguro de autom\u00f3vel que cobre um conjunto de ve\u00edculos de uma empresa ou organiza\u00e7\u00e3o sob um \u00fanico contrato e ap\u00f3lice, em vez de ap\u00f3lices individuais para cada ve\u00edculo.&nbsp;Este tipo de seguro \u00e9 vantajoso para empresas que possuem mais de dois ve\u00edculos, como carros de servi\u00e7o ou cami\u00f5es, pois simplifica a [&hellip;]<\/p>\n","protected":false},"author":1,"featured_media":0,"parent":0,"menu_order":0,"comment_status":"closed","ping_status":"closed","template":"","meta":{"saved_in_kubio":true,"footnotes":""},"class_list":["post-351","page","type-page","status-publish","hentry"],"kubio_ai_page_context":{"short_desc":"","purpose":"general"},"_links":{"self":[{"href":"https:\/\/sieseguros.pt\/index.php\/wp-json\/wp\/v2\/pages\/351","targetHints":{"allow":["GET"]}}],"collection":[{"href":"https:\/\/sieseguros.pt\/index.php\/wp-json\/wp\/v2\/pages"}],"about":[{"href":"https:\/\/sieseguros.pt\/index.php\/wp-json\/wp\/v2\/types\/page"}],"author":[{"embeddable":true,"href":"https:\/\/sieseguros.pt\/index.php\/wp-json\/wp\/v2\/users\/1"}],"replies":[{"embeddable":true,"href":"https:\/\/sieseguros.pt\/index.php\/wp-json\/wp\/v2\/comments?post=351"}],"version-history":[{"count":3,"href":"https:\/\/sieseguros.pt\/index.php\/wp-json\/wp\/v2\/pages\/351\/revisions"}],"predecessor-version":[{"id":356,"href":"https:\/\/sieseguros.pt\/index.php\/wp-json\/wp\/v2\/pages\/351\/revisions\/356"}],"wp:attachment":[{"href":"https:\/\/sieseguros.pt\/index.php\/wp-json\/wp\/v2\/media?parent=351"}],"curies":[{"name":"wp","href":"https:\/\/api.w.org\/{rel}","templated":true}]}}