{"id":371,"date":"2025-09-04T16:13:12","date_gmt":"2025-09-04T16:13:12","guid":{"rendered":"https:\/\/sieseguros.pt\/?page_id=371"},"modified":"2025-09-04T16:13:12","modified_gmt":"2025-09-04T16:13:12","slug":"multiriscos-negocios","status":"publish","type":"page","link":"https:\/\/sieseguros.pt\/index.php\/multiriscos-negocios\/","title":{"rendered":"Multiriscos Neg\u00f3cios"},"content":{"rendered":"\n<p>Um seguro multiriscos para neg\u00f3cios abrange a prote\u00e7\u00e3o do patrim\u00f3nio f\u00edsico (instala\u00e7\u00f5es, recheio, equipamentos) e da opera\u00e7\u00e3o de uma empresa contra diversos imprevistos como inc\u00eandios, roubos ou danos por \u00e1gua.\u00a0Inclui, geralmente, a cobertura de responsabilidade civil para danos a terceiros, mas pode ser personalizado com op\u00e7\u00f5es como prote\u00e7\u00e3o jur\u00eddica, perdas de explora\u00e7\u00e3o, e riscos cibern\u00e9ticos, adaptando-se \u00e0s necessidades espec\u00edficas de cada setor de atividade.<\/p>\n\n\n","protected":false},"excerpt":{"rendered":"<p>Um seguro multiriscos para neg\u00f3cios abrange a prote\u00e7\u00e3o do patrim\u00f3nio f\u00edsico (instala\u00e7\u00f5es, recheio, equipamentos) e da opera\u00e7\u00e3o de uma empresa contra diversos imprevistos como inc\u00eandios, roubos ou danos por \u00e1gua.\u00a0Inclui, geralmente, a cobertura de responsabilidade civil para danos a terceiros, mas pode ser personalizado com op\u00e7\u00f5es como prote\u00e7\u00e3o jur\u00eddica, perdas de explora\u00e7\u00e3o, e riscos cibern\u00e9ticos, [&hellip;]<\/p>\n","protected":false},"author":1,"featured_media":0,"parent":0,"menu_order":0,"comment_status":"closed","ping_status":"closed","template":"","meta":{"saved_in_kubio":false,"footnotes":""},"class_list":["post-371","page","type-page","status-publish","hentry"],"kubio_ai_page_context":{"short_desc":"","purpose":"general"},"_links":{"self":[{"href":"https:\/\/sieseguros.pt\/index.php\/wp-json\/wp\/v2\/pages\/371","targetHints":{"allow":["GET"]}}],"collection":[{"href":"https:\/\/sieseguros.pt\/index.php\/wp-json\/wp\/v2\/pages"}],"about":[{"href":"https:\/\/sieseguros.pt\/index.php\/wp-json\/wp\/v2\/types\/page"}],"author":[{"embeddable":true,"href":"https:\/\/sieseguros.pt\/index.php\/wp-json\/wp\/v2\/users\/1"}],"replies":[{"embeddable":true,"href":"https:\/\/sieseguros.pt\/index.php\/wp-json\/wp\/v2\/comments?post=371"}],"version-history":[{"count":1,"href":"https:\/\/sieseguros.pt\/index.php\/wp-json\/wp\/v2\/pages\/371\/revisions"}],"predecessor-version":[{"id":372,"href":"https:\/\/sieseguros.pt\/index.php\/wp-json\/wp\/v2\/pages\/371\/revisions\/372"}],"wp:attachment":[{"href":"https:\/\/sieseguros.pt\/index.php\/wp-json\/wp\/v2\/media?parent=371"}],"curies":[{"name":"wp","href":"https:\/\/api.w.org\/{rel}","templated":true}]}}