{"id":374,"date":"2025-09-04T16:19:17","date_gmt":"2025-09-04T16:19:17","guid":{"rendered":"https:\/\/sieseguros.pt\/?page_id=374"},"modified":"2025-09-04T16:19:17","modified_gmt":"2025-09-04T16:19:17","slug":"equipamentos","status":"publish","type":"page","link":"https:\/\/sieseguros.pt\/index.php\/equipamentos\/","title":{"rendered":"Equipamentos"},"content":{"rendered":"\n<p>O seguro para equipamentos de empresas protege bens essenciais para a opera\u00e7\u00e3o de um neg\u00f3cio, como equipamentos eletr\u00f3nicos ou m\u00e1quinas, contra danos f\u00edsicos, roubo e avarias inesperadas.\u00a0Existem op\u00e7\u00f5es como o\u00a0Seguro Equipamento Eletr\u00f3nico,\u00a0que cobre danos em computadores e outros dispositivos, e o\u00a0Seguro Avaria de M\u00e1quinas,\u00a0focado em equipamentos industriais.\u00a0Estas ap\u00f3lices, muitas vezes do tipo all risks, podem ter coberturas base contra inc\u00eandios ou riscos el\u00e9tricos, com op\u00e7\u00f5es adicionais para personalizar a prote\u00e7\u00e3o e evitar interrup\u00e7\u00f5es na atividade da empresa<\/p>\n\n\n\n\n\n\n\n<p><\/p>\n","protected":false},"excerpt":{"rendered":"<p>O seguro para equipamentos de empresas protege bens essenciais para a opera\u00e7\u00e3o de um neg\u00f3cio, como equipamentos eletr\u00f3nicos ou m\u00e1quinas, contra danos f\u00edsicos, roubo e avarias inesperadas.\u00a0Existem op\u00e7\u00f5es como o\u00a0Seguro Equipamento Eletr\u00f3nico,\u00a0que cobre danos em computadores e outros dispositivos, e o\u00a0Seguro Avaria de M\u00e1quinas,\u00a0focado em equipamentos industriais.\u00a0Estas ap\u00f3lices, muitas vezes do tipo all risks, podem [&hellip;]<\/p>\n","protected":false},"author":1,"featured_media":0,"parent":0,"menu_order":0,"comment_status":"closed","ping_status":"closed","template":"","meta":{"saved_in_kubio":false,"footnotes":""},"class_list":["post-374","page","type-page","status-publish","hentry"],"kubio_ai_page_context":{"short_desc":"","purpose":"general"},"_links":{"self":[{"href":"https:\/\/sieseguros.pt\/index.php\/wp-json\/wp\/v2\/pages\/374","targetHints":{"allow":["GET"]}}],"collection":[{"href":"https:\/\/sieseguros.pt\/index.php\/wp-json\/wp\/v2\/pages"}],"about":[{"href":"https:\/\/sieseguros.pt\/index.php\/wp-json\/wp\/v2\/types\/page"}],"author":[{"embeddable":true,"href":"https:\/\/sieseguros.pt\/index.php\/wp-json\/wp\/v2\/users\/1"}],"replies":[{"embeddable":true,"href":"https:\/\/sieseguros.pt\/index.php\/wp-json\/wp\/v2\/comments?post=374"}],"version-history":[{"count":1,"href":"https:\/\/sieseguros.pt\/index.php\/wp-json\/wp\/v2\/pages\/374\/revisions"}],"predecessor-version":[{"id":375,"href":"https:\/\/sieseguros.pt\/index.php\/wp-json\/wp\/v2\/pages\/374\/revisions\/375"}],"wp:attachment":[{"href":"https:\/\/sieseguros.pt\/index.php\/wp-json\/wp\/v2\/media?parent=374"}],"curies":[{"name":"wp","href":"https:\/\/api.w.org\/{rel}","templated":true}]}}