{"id":395,"date":"2025-10-07T17:26:04","date_gmt":"2025-10-07T17:26:04","guid":{"rendered":"https:\/\/sieseguros.pt\/?page_id=395"},"modified":"2025-10-07T17:26:04","modified_gmt":"2025-10-07T17:26:04","slug":"cyber","status":"publish","type":"page","link":"https:\/\/sieseguros.pt\/index.php\/cyber\/","title":{"rendered":"Cyber"},"content":{"rendered":"\n<p>Vivemos num mundo cada vez mais digital e interconectado. Se, por um lado, a tecnologia impulsiona efici\u00eancia, inova\u00e7\u00e3o e proximidade com os clientes, por outro, exp\u00f5e as organiza\u00e7\u00f5es a novos e complexos riscos. <strong>Ciberataques, roubo ou perda de dados, ransomware, extors\u00e3o digital, falhas humanas ou interrup\u00e7\u00f5es de sistemas<\/strong> podem comprometer n\u00e3o apenas a opera\u00e7\u00e3o di\u00e1ria, mas tamb\u00e9m a <strong>reputa\u00e7\u00e3o, a confian\u00e7a do mercado e a estabilidade financeira<\/strong> da empresa.<\/p>\n\n\n\n<p>O <strong>Seguro Cyber <\/strong> foi desenvolvido para responder a este desafio crescente, oferecendo uma prote\u00e7\u00e3o abrangente contra incidentes tecnol\u00f3gicos. Entre as principais coberturas, destacam-se:<\/p>\n\n\n\n<ul class=\"wp-block-list\">\n<li><strong>Apoio imediato em caso de ataque ou incidente<\/strong>, com equipas especializadas;<\/li>\n\n\n\n<li><strong>Recupera\u00e7\u00e3o e restaura\u00e7\u00e3o de sistemas inform\u00e1ticos e dados comprometidos<\/strong>;<\/li>\n\n\n\n<li><strong>Indemniza\u00e7\u00f5es a terceiros<\/strong> por viola\u00e7\u00e3o de dados pessoais ou confidenciais;<\/li>\n\n\n\n<li><strong>Defesa jur\u00eddica e custos associados a processos regulat\u00f3rios<\/strong>, incluindo obriga\u00e7\u00f5es legais como o <strong>RGPD<\/strong>;<\/li>\n\n\n\n<li><strong>Cobertura para perdas financeiras decorrentes da interrup\u00e7\u00e3o do neg\u00f3cio<\/strong>.<\/li>\n<\/ul>\n\n\n\n<p>Trata-se de uma solu\u00e7\u00e3o essencial para <strong>empresas de todas as dimens\u00f5es<\/strong> \u2014 desde pequenos neg\u00f3cios locais a grandes organiza\u00e7\u00f5es \u2014 especialmente aquelas que:<\/p>\n\n\n\n<ul class=\"wp-block-list\">\n<li>Dependem da internet ou de sistemas digitais para operar;<\/li>\n\n\n\n<li>Gerem informa\u00e7\u00e3o sens\u00edvel de clientes, fornecedores ou colaboradores;<\/li>\n\n\n\n<li>T\u00eam <strong>obriga\u00e7\u00f5es legais de prote\u00e7\u00e3o e notifica\u00e7\u00e3o de dados<\/strong>;<\/li>\n\n\n\n<li>Simplesmente n\u00e3o podem correr o risco de parar.<\/li>\n<\/ul>\n\n\n\n<p>Numa era em que <strong>a seguran\u00e7a digital \u00e9 um ativo estrat\u00e9gico<\/strong>, o Seguro Cyber garante <strong>tranquilidade, resili\u00eancia e continuidade<\/strong> para que a sua empresa se concentre no que realmente importa: crescer com confian\u00e7a num ambiente digital seguro.<\/p>\n\n\n\n<p class=\"has-text-align-center\">Cobertura Base<\/p>\n\n\n\n<figure class=\"wp-block-image size-large\"><img loading=\"lazy\" decoding=\"async\" width=\"1024\" height=\"327\" src=\"https:\/\/sieseguros.pt\/wp-content\/uploads\/2025\/10\/image-2-1024x327.png\" alt=\"\" class=\"wp-image-397\" srcset=\"https:\/\/sieseguros.pt\/wp-content\/uploads\/2025\/10\/image-2-1024x327.png 1024w, https:\/\/sieseguros.pt\/wp-content\/uploads\/2025\/10\/image-2-300x96.png 300w, https:\/\/sieseguros.pt\/wp-content\/uploads\/2025\/10\/image-2-768x246.png 768w, https:\/\/sieseguros.pt\/wp-content\/uploads\/2025\/10\/image-2.png 1295w\" sizes=\"(max-width: 1024px) 100vw, 1024px\" \/><\/figure>\n","protected":false},"excerpt":{"rendered":"<p>Vivemos num mundo cada vez mais digital e interconectado. Se, por um lado, a tecnologia impulsiona efici\u00eancia, inova\u00e7\u00e3o e proximidade com os clientes, por outro, exp\u00f5e as organiza\u00e7\u00f5es a novos e complexos riscos. Ciberataques, roubo ou perda de dados, ransomware, extors\u00e3o digital, falhas humanas ou interrup\u00e7\u00f5es de sistemas podem comprometer n\u00e3o apenas a opera\u00e7\u00e3o di\u00e1ria, [&hellip;]<\/p>\n","protected":false},"author":1,"featured_media":0,"parent":0,"menu_order":0,"comment_status":"closed","ping_status":"closed","template":"","meta":{"saved_in_kubio":false,"footnotes":""},"class_list":["post-395","page","type-page","status-publish","hentry"],"kubio_ai_page_context":{"short_desc":"","purpose":"general"},"_links":{"self":[{"href":"https:\/\/sieseguros.pt\/index.php\/wp-json\/wp\/v2\/pages\/395","targetHints":{"allow":["GET"]}}],"collection":[{"href":"https:\/\/sieseguros.pt\/index.php\/wp-json\/wp\/v2\/pages"}],"about":[{"href":"https:\/\/sieseguros.pt\/index.php\/wp-json\/wp\/v2\/types\/page"}],"author":[{"embeddable":true,"href":"https:\/\/sieseguros.pt\/index.php\/wp-json\/wp\/v2\/users\/1"}],"replies":[{"embeddable":true,"href":"https:\/\/sieseguros.pt\/index.php\/wp-json\/wp\/v2\/comments?post=395"}],"version-history":[{"count":1,"href":"https:\/\/sieseguros.pt\/index.php\/wp-json\/wp\/v2\/pages\/395\/revisions"}],"predecessor-version":[{"id":398,"href":"https:\/\/sieseguros.pt\/index.php\/wp-json\/wp\/v2\/pages\/395\/revisions\/398"}],"wp:attachment":[{"href":"https:\/\/sieseguros.pt\/index.php\/wp-json\/wp\/v2\/media?parent=395"}],"curies":[{"name":"wp","href":"https:\/\/api.w.org\/{rel}","templated":true}]}}