{"id":407,"date":"2025-10-09T16:29:02","date_gmt":"2025-10-09T16:29:02","guid":{"rendered":"https:\/\/sieseguros.pt\/?page_id=407"},"modified":"2025-10-09T16:29:02","modified_gmt":"2025-10-09T16:29:02","slug":"moto-2","status":"publish","type":"page","link":"https:\/\/sieseguros.pt\/index.php\/moto-2\/","title":{"rendered":"Moto"},"content":{"rendered":"\n<h3 class=\"wp-block-heading\">Seguro de Mota<\/h3>\n\n\n\n<p>O seguro de mota assegura prote\u00e7\u00e3o abrangente para o ve\u00edculo, o condutor, os passageiros e terceiros, atrav\u00e9s da <strong>cobertura obrigat\u00f3ria de responsabilidade civil<\/strong>.<\/p>\n\n\n\n<p>Para maior tranquilidade, \u00e9 poss\u00edvel complementar a prote\u00e7\u00e3o com <strong>coberturas opcionais<\/strong>, tais como:<\/p>\n\n\n\n<ul class=\"wp-block-list\">\n<li>Danos pr\u00f3prios da mota;<\/li>\n\n\n\n<li>Furto ou roubo;<\/li>\n\n\n\n<li>Prote\u00e7\u00e3o do condutor (tratamento m\u00e9dico, incapacidade ou morte);<\/li>\n\n\n\n<li>Assist\u00eancia em viagem.<\/li>\n<\/ul>\n\n\n\n<p>A escolha do seguro deve considerar as suas necessidades espec\u00edficas e o or\u00e7amento dispon\u00edvel. Por isso, \u00e9 recomendada a <strong>an\u00e1lise comparativa das diferentes solu\u00e7\u00f5es<\/strong> de mercado, de forma a encontrar a op\u00e7\u00e3o que melhor se adequa ao seu perfil.<\/p>\n\n\n\n<p><strong>Vantagens de Seguro Moto<\/strong><\/p>\n\n\n\n<figure class=\"wp-block-table\"><table class=\"has-fixed-layout\"><tbody><tr><td><strong>Tranquilidade<\/strong><\/td><td>Evita despesas financeiras significativas em caso de acidentes, furto ou roubo.\u00a0<\/td><\/tr><tr><td><strong>Seguran\u00e7a<\/strong><\/td><td>\u00a0<br>Garante a prote\u00e7\u00e3o do condutor, passageiros e a sua pr\u00f3pria mota.\u00a0<\/td><\/tr><tr><td><strong>Obrigatoriedade<\/strong><\/td><td>A cobertura de Responsabilidade Civil \u00e9 obrigat\u00f3ria para circular com a sua mota.\u00a0<\/td><\/tr><tr><td><strong>Prote\u00e7\u00e3o profissional<\/strong><\/td><td>Se usa a mota para o trabalho, o seguro \u00e9 essencial para n\u00e3o perder a sua fonte de rendimento.\u00a0<\/td><\/tr><\/tbody><\/table><\/figure>\n","protected":false},"excerpt":{"rendered":"<p>Seguro de Mota O seguro de mota assegura prote\u00e7\u00e3o abrangente para o ve\u00edculo, o condutor, os passageiros e terceiros, atrav\u00e9s da cobertura obrigat\u00f3ria de responsabilidade civil. Para maior tranquilidade, \u00e9 poss\u00edvel complementar a prote\u00e7\u00e3o com coberturas opcionais, tais como: A escolha do seguro deve considerar as suas necessidades espec\u00edficas e o or\u00e7amento dispon\u00edvel. Por isso, [&hellip;]<\/p>\n","protected":false},"author":1,"featured_media":0,"parent":0,"menu_order":0,"comment_status":"closed","ping_status":"closed","template":"","meta":{"saved_in_kubio":false,"footnotes":""},"class_list":["post-407","page","type-page","status-publish","hentry"],"kubio_ai_page_context":{"short_desc":"","purpose":"general"},"_links":{"self":[{"href":"https:\/\/sieseguros.pt\/index.php\/wp-json\/wp\/v2\/pages\/407","targetHints":{"allow":["GET"]}}],"collection":[{"href":"https:\/\/sieseguros.pt\/index.php\/wp-json\/wp\/v2\/pages"}],"about":[{"href":"https:\/\/sieseguros.pt\/index.php\/wp-json\/wp\/v2\/types\/page"}],"author":[{"embeddable":true,"href":"https:\/\/sieseguros.pt\/index.php\/wp-json\/wp\/v2\/users\/1"}],"replies":[{"embeddable":true,"href":"https:\/\/sieseguros.pt\/index.php\/wp-json\/wp\/v2\/comments?post=407"}],"version-history":[{"count":1,"href":"https:\/\/sieseguros.pt\/index.php\/wp-json\/wp\/v2\/pages\/407\/revisions"}],"predecessor-version":[{"id":408,"href":"https:\/\/sieseguros.pt\/index.php\/wp-json\/wp\/v2\/pages\/407\/revisions\/408"}],"wp:attachment":[{"href":"https:\/\/sieseguros.pt\/index.php\/wp-json\/wp\/v2\/media?parent=407"}],"curies":[{"name":"wp","href":"https:\/\/api.w.org\/{rel}","templated":true}]}}