{"id":94,"date":"2025-08-17T00:10:14","date_gmt":"2025-08-17T00:10:14","guid":{"rendered":"https:\/\/sieseguros.pt\/?page_id=94"},"modified":"2025-10-28T11:35:27","modified_gmt":"2025-10-28T11:35:27","slug":"auto","status":"publish","type":"page","link":"https:\/\/sieseguros.pt\/index.php\/auto\/","title":{"rendered":"Auto"},"content":{"rendered":"\n<p>Qual a import\u00e2ncia do seguro ?<\/p>\n\n\n\n<p>O propriet\u00e1rio ou o condutor de um ve\u00edculo s\u00e3o respons\u00e1veis pelos preju\u00edzos que este possa causar e em caso de acidente podem ter de pagar indemniza\u00e7\u00f5es elevadas.Para proteger os interesses dos lesados, que t\u00eam direito a que os seus preju\u00edzos sejam pagos, independentemente de o respons\u00e1vel pelo acidente ter ou n\u00e3o condi\u00e7\u00f5es financeiras para o fazer, \u00e9 obrigat\u00f3rio o seguro de responsabilidade civil dos ve\u00edculos terrestres a motor e seus reboques.&nbsp;<\/p>\n\n\n\n<p><\/p>\n\n\n\n<p>Apresentamos-lhe as melhores op\u00e7\u00f5es do mercado, sem qualquer compromisso, garantindo que somos a escolha certa para a sua seguran\u00e7a.<br>Solicite uma simula\u00e7\u00e3o de Seguro Autom\u00f3vel e descubra todas as vantagens que temos para si.<\/p>\n\n\n","protected":false},"excerpt":{"rendered":"<p>Qual a import\u00e2ncia do seguro ? O propriet\u00e1rio ou o condutor de um ve\u00edculo s\u00e3o respons\u00e1veis pelos preju\u00edzos que este possa causar e em caso de acidente podem ter de pagar indemniza\u00e7\u00f5es elevadas.Para proteger os interesses dos lesados, que t\u00eam direito a que os seus preju\u00edzos sejam pagos, independentemente de o respons\u00e1vel pelo acidente ter [&hellip;]<\/p>\n","protected":false},"author":1,"featured_media":0,"parent":0,"menu_order":0,"comment_status":"closed","ping_status":"closed","template":"","meta":{"saved_in_kubio":true,"footnotes":""},"class_list":["post-94","page","type-page","status-publish","hentry"],"kubio_ai_page_context":{"short_desc":"","purpose":"general"},"_links":{"self":[{"href":"https:\/\/sieseguros.pt\/index.php\/wp-json\/wp\/v2\/pages\/94","targetHints":{"allow":["GET"]}}],"collection":[{"href":"https:\/\/sieseguros.pt\/index.php\/wp-json\/wp\/v2\/pages"}],"about":[{"href":"https:\/\/sieseguros.pt\/index.php\/wp-json\/wp\/v2\/types\/page"}],"author":[{"embeddable":true,"href":"https:\/\/sieseguros.pt\/index.php\/wp-json\/wp\/v2\/users\/1"}],"replies":[{"embeddable":true,"href":"https:\/\/sieseguros.pt\/index.php\/wp-json\/wp\/v2\/comments?post=94"}],"version-history":[{"count":16,"href":"https:\/\/sieseguros.pt\/index.php\/wp-json\/wp\/v2\/pages\/94\/revisions"}],"predecessor-version":[{"id":440,"href":"https:\/\/sieseguros.pt\/index.php\/wp-json\/wp\/v2\/pages\/94\/revisions\/440"}],"wp:attachment":[{"href":"https:\/\/sieseguros.pt\/index.php\/wp-json\/wp\/v2\/media?parent=94"}],"curies":[{"name":"wp","href":"https:\/\/api.w.org\/{rel}","templated":true}]}}